{"id":2,"date":"2022-12-15T11:25:35","date_gmt":"2022-12-15T16:25:35","guid":{"rendered":"https:\/\/dev.elancedei.com\/?page_id=2"},"modified":"2025-06-13T12:04:37","modified_gmt":"2025-06-13T16:04:37","slug":"home","status":"publish","type":"page","link":"https:\/\/training.elancedei.com\/en\/","title":{"rendered":"Home"},"content":{"rendered":"<div class=\"wpb-content-wrapper\"><p>[vc_row full_width=&#8221;stretch_row&#8221; bg_type=&#8221;bg_color&#8221; bg_color_value=&#8221;#ddd2fc&#8221; css=&#8221;.vc_custom_1682447903332{padding-top: 20px !important;padding-bottom: 20px !important;}&#8221;][vc_column width=&#8221;1\/2&#8243;][vc_column_text css=&#8221;.vc_custom_1690814130475{padding-top: 30px !important;}&#8221;]<\/p>\n<h2>Guarantee your impact in Diversity, Equity, and Inclusion.<\/h2>\n<p>Here, technology bridges generations, genders, cultures, abilities and orientations. \u00c9lance, the turnkey solution for DEI: diversity, equity, and inclusion.[\/vc_column_text][vc_btn title=&#8221;Let&#8217;s leap forward together!&#8221; style=&#8221;3d&#8221; shape=&#8221;round&#8221; align=&#8221;center&#8221; link=&#8221;url:https%3A%2F%2Felancedei.com%2Fen%2Fservice%2F&#8221;][\/vc_column][vc_column width=&#8221;1\/2&#8243;][vc_single_image image=&#8221;895&#8243; img_size=&#8221;full&#8221; alignment=&#8221;center&#8221; css_animation=&#8221;fadeIn&#8221; image_hovers=&#8221;false&#8221;][\/vc_column][\/vc_row][vc_row css=&#8221;.vc_custom_1682448207369{padding-top: 20px !important;padding-bottom: 20px !important;}&#8221;][vc_column width=&#8221;1\/2&#8243;][vc_column_text css=&#8221;.vc_custom_1690814609121{padding-top: 50px !important;}&#8221;]<\/p>\n<h2>Where Data Meets Inclusion.<\/h2>\n<p>\u00c9lance offers you an approach that does not exist elsewhere, with a <strong>more-than-human tech platform!<\/strong><\/p>\n<p>Our solution is anchored in your data; allow us to provide you with personalized and concrete support.[\/vc_column_text][vc_btn title=&#8221;Data to support inclusion&#8221; style=&#8221;3d&#8221; align=&#8221;center&#8221; link=&#8221;url:https%3A%2F%2Felancedei.com%2Fen%2Fservice%2F&#8221;][\/vc_column][vc_column width=&#8221;1\/2&#8243;][vc_single_image image=&#8221;850&#8243; img_size=&#8221;full&#8221; alignment=&#8221;center&#8221; css_animation=&#8221;fadeIn&#8221;][\/vc_column][\/vc_row][vc_row full_width=&#8221;stretch_row&#8221; bg_type=&#8221;image&#8221; css=&#8221;.vc_custom_1682448253231{padding-top: 20px !important;padding-bottom: 20px !important;background-image: url(https:\/\/dev.elancedei.com\/wp-content\/uploads\/2022\/12\/hbg1.jpg?id=48) !important;background-position: center !important;background-repeat: no-repeat !important;background-size: cover !important;}&#8221;][vc_column][vc_column_text]<\/p>\n<h2 style=\"text-align: center;\">A company where diversity is an asset, one that fuels growth&#8230; never a constraint. Finally, we can stop walking on eggshells.<\/h2>\n<p>[\/vc_column_text][vc_btn title=&#8221;It is Time!&#8221; style=&#8221;3d&#8221; align=&#8221;center&#8221; link=&#8221;url:https%3A%2F%2Felancedei.com%2Fen%2Fabout%2F&#8221;][\/vc_column][\/vc_row][vc_row][vc_column][vc_column_text]<\/p>\n<h2 style=\"text-align: center;\">Your next steps?<\/h2>\n<p>[\/vc_column_text][vc_row_inner][vc_column_inner width=&#8221;1\/3&#8243;][vc_single_image image=&#8221;416&#8243; img_size=&#8221;full&#8221; alignment=&#8221;center&#8221; onclick=&#8221;custom_link&#8221; css_animation=&#8221;fadeIn&#8221; image_hovers=&#8221;false&#8221; link=&#8221;https:\/\/dev.elancedei.com\/contact\/&#8221;][vc_column_text]<\/p>\n<h3 style=\"text-align: center;\">Measure your DEI impact.<\/h3>\n<p>[\/vc_column_text][\/vc_column_inner][vc_column_inner width=&#8221;1\/3&#8243;][vc_single_image image=&#8221;424&#8243; img_size=&#8221;full&#8221; alignment=&#8221;center&#8221; onclick=&#8221;custom_link&#8221; css_animation=&#8221;fadeIn&#8221; image_hovers=&#8221;false&#8221; link=&#8221;https:\/\/dev.elancedei.com\/contact\/&#8221;][vc_column_text]<\/p>\n<h3 style=\"text-align: center;\">Train your employees.<\/h3>\n<p>[\/vc_column_text][\/vc_column_inner][vc_column_inner width=&#8221;1\/3&#8243;][vc_single_image image=&#8221;418&#8243; img_size=&#8221;full&#8221; alignment=&#8221;center&#8221; onclick=&#8221;custom_link&#8221; css_animation=&#8221;fadeIn&#8221; image_hovers=&#8221;false&#8221; link=&#8221;https:\/\/dev.elancedei.com\/contact\/&#8221;][vc_column_text]<\/p>\n<h3 style=\"text-align: center;\">Apply your DEI action plan.<\/h3>\n<p>[\/vc_column_text][\/vc_column_inner][\/vc_row_inner][\/vc_column][\/vc_row][vc_row full_width=&#8221;stretch_row&#8221; css=&#8221;.vc_custom_1682448419454{padding-top: 20px !important;padding-bottom: 20px !important;background-color: #e0d1ff !important;}&#8221;][vc_column][vc_column_text]<\/p>\n<h2 style=\"text-align: center;\">Our clients, champions of DEI:<\/h2>\n<p>[\/vc_column_text][vc_row_inner][vc_column_inner width=&#8221;1\/4&#8243;][vc_single_image image=&#8221;432&#8243; img_size=&#8221;full&#8221; alignment=&#8221;center&#8221; css_animation=&#8221;fadeIn&#8221;][\/vc_column_inner][vc_column_inner width=&#8221;1\/4&#8243;][vc_single_image image=&#8221;434&#8243; img_size=&#8221;full&#8221; alignment=&#8221;center&#8221; css_animation=&#8221;fadeIn&#8221;][\/vc_column_inner][vc_column_inner width=&#8221;1\/4&#8243;][vc_single_image image=&#8221;438&#8243; img_size=&#8221;full&#8221; alignment=&#8221;center&#8221; css_animation=&#8221;fadeIn&#8221;][\/vc_column_inner][vc_column_inner width=&#8221;1\/4&#8243;][vc_single_image image=&#8221;436&#8243; img_size=&#8221;full&#8221; alignment=&#8221;center&#8221; css_animation=&#8221;fadeIn&#8221;][\/vc_column_inner][\/vc_row_inner][vc_column_text]<\/p>\n<h2 style=\"text-align: center;\">\u00c9lance, as seen and heard on:<\/h2>\n<p>[\/vc_column_text][vc_row_inner][vc_column_inner width=&#8221;1\/4&#8243;][vc_single_image image=&#8221;440&#8243; img_size=&#8221;full&#8221; alignment=&#8221;center&#8221; css_animation=&#8221;fadeIn&#8221;][\/vc_column_inner][vc_column_inner width=&#8221;1\/4&#8243;][vc_single_image image=&#8221;442&#8243; img_size=&#8221;full&#8221; alignment=&#8221;center&#8221; css_animation=&#8221;fadeIn&#8221;][\/vc_column_inner][vc_column_inner width=&#8221;1\/4&#8243;][vc_single_image image=&#8221;444&#8243; img_size=&#8221;full&#8221; alignment=&#8221;center&#8221; css_animation=&#8221;fadeIn&#8221;][\/vc_column_inner][vc_column_inner width=&#8221;1\/4&#8243;][vc_single_image image=&#8221;446&#8243; img_size=&#8221;full&#8221; alignment=&#8221;center&#8221; css_animation=&#8221;fadeIn&#8221;][\/vc_column_inner][\/vc_row_inner][vc_btn title=&#8221;We are waiting for you on the other side&#8221; style=&#8221;3d&#8221; shape=&#8221;round&#8221; align=&#8221;center&#8221; link=&#8221;url:https%3A%2F%2Felancedei.com%2Fen%2Fservice%2F&#8221;][\/vc_column][\/vc_row][vc_row full_width=&#8221;stretch_row&#8221; bg_type=&#8221;bg_color&#8221; bg_color_value=&#8221;#e5f1c2&#8243;][vc_column][vc_row_inner][vc_column_inner width=&#8221;1\/2&#8243;][vc_single_image image=&#8221;407&#8243; img_size=&#8221;full&#8221; alignment=&#8221;right&#8221;][\/vc_column_inner][vc_column_inner width=&#8221;1\/2&#8243;][vc_single_image image=&#8221;406&#8243; img_size=&#8221;full&#8221;][\/vc_column_inner][\/vc_row_inner][vc_column_text]<\/p>\n<h2 style=\"text-align: center;\"><span style=\"color: #000000;\">We are Tina and Dahlia, the co-founders of \u00c9lance.<\/span><\/h2>\n<p style=\"text-align: center;\">As dedicated women from marginalized backgrounds and experts in DEI, we offer you today what we do best in life:<\/p>\n<p style=\"text-align: center;\"><strong>Creating diverse, equitable and inclusive workspaces for all, thanks to the power of data technology.<\/strong><\/p>\n<p>[\/vc_column_text][vc_btn title=&#8221;I want to work with you!&#8221; style=&#8221;3d&#8221; align=&#8221;center&#8221; link=&#8221;url:https%3A%2F%2Felancedei.com%2Fen%2Fabout%2F&#8221;][\/vc_column][\/vc_row][vc_row full_width=&#8221;stretch_row&#8221; css=&#8221;.vc_custom_1682448466093{padding-top: 20px !important;padding-bottom: 20px !important;background-color: #f7f3f1 !important;}&#8221;][vc_column width=&#8221;1\/2&#8243; css=&#8221;.vc_custom_1671214539839{padding-top: 50px !important;}&#8221;][vc_column_text css=&#8221;.vc_custom_1690815635251{padding-top: 50px !important;}&#8221;]<\/p>\n<h2>Recognition of First Nations and traditional territories.<\/h2>\n<p>We would like to acknowledge that \u00c9lance is located on indigenous territory, which has never been ceded. We recognize the Kanien&#8217;keh\u00e1: ka Nation as the guardians of the lands and waters on which \u00c9lance is established.[\/vc_column_text][\/vc_column][vc_column width=&#8221;1\/2&#8243;][vc_single_image image=&#8221;854&#8243; img_size=&#8221;full&#8221; alignment=&#8221;center&#8221; css_animation=&#8221;fadeIn&#8221;][\/vc_column][\/vc_row]<\/p>\n<\/div>","protected":false},"excerpt":{"rendered":"<p>[vc_row full_width=&#8221;stretch_row&#8221; bg_type=&#8221;bg_color&#8221; bg_color_value=&#8221;#ddd2fc&#8221; css=&#8221;.vc_custom_1682447903332{padding-top: 20px !important;padding-bottom: 20px !important;}&#8221;][vc_column width=&#8221;1\/2&#8243;][vc_column_text css=&#8221;.vc_custom_1690814130475{padding-top: 30px !important;}&#8221;] Guarantee your impact in Diversity, Equity, and Inclusion. Here, technology bridges generations, genders, cultures, abilities and orientations. \u00c9lance, the turnkey solution for DEI: diversity, equity, and inclusion.[\/vc_column_text][vc_btn title=&#8221;Let&#8217;s leap forward together!&#8221; style=&#8221;3d&#8221; shape=&#8221;round&#8221; align=&#8221;center&#8221; link=&#8221;url:https%3A%2F%2Felancedei.com%2Fen%2Fservice%2F&#8221;][\/vc_column][vc_column width=&#8221;1\/2&#8243;][vc_single_image image=&#8221;895&#8243; img_size=&#8221;full&#8221; alignment=&#8221;center&#8221; css_animation=&#8221;fadeIn&#8221; image_hovers=&#8221;false&#8221;][\/vc_column][\/vc_row][vc_row css=&#8221;.vc_custom_1682448207369{padding-top:&hellip;<\/p>\n","protected":false},"author":2,"featured_media":0,"parent":0,"menu_order":0,"comment_status":"closed","ping_status":"open","template":"","meta":{"om_disable_all_campaigns":false,"_monsterinsights_skip_tracking":false,"_monsterinsights_sitenote_active":false,"_monsterinsights_sitenote_note":"","_monsterinsights_sitenote_category":0,"_uf_show_specific_survey":0,"_uf_disable_surveys":false,"footnotes":""},"class_list":["post-2","page","type-page","status-publish","hentry","description-off"],"aioseo_notices":[],"_links":{"self":[{"href":"https:\/\/training.elancedei.com\/en\/wp-json\/wp\/v2\/pages\/2","targetHints":{"allow":["GET"]}}],"collection":[{"href":"https:\/\/training.elancedei.com\/en\/wp-json\/wp\/v2\/pages"}],"about":[{"href":"https:\/\/training.elancedei.com\/en\/wp-json\/wp\/v2\/types\/page"}],"author":[{"embeddable":true,"href":"https:\/\/training.elancedei.com\/en\/wp-json\/wp\/v2\/users\/2"}],"replies":[{"embeddable":true,"href":"https:\/\/training.elancedei.com\/en\/wp-json\/wp\/v2\/comments?post=2"}],"version-history":[{"count":98,"href":"https:\/\/training.elancedei.com\/en\/wp-json\/wp\/v2\/pages\/2\/revisions"}],"predecessor-version":[{"id":7891,"href":"https:\/\/training.elancedei.com\/en\/wp-json\/wp\/v2\/pages\/2\/revisions\/7891"}],"wp:attachment":[{"href":"https:\/\/training.elancedei.com\/en\/wp-json\/wp\/v2\/media?parent=2"}],"curies":[{"name":"wp","href":"https:\/\/api.w.org\/{rel}","templated":true}]}}