{"id":686,"date":"2022-12-15T11:25:35","date_gmt":"2022-12-15T16:25:35","guid":{"rendered":"https:\/\/dev.elancedei.com\/accueil\/"},"modified":"2025-06-13T12:06:31","modified_gmt":"2025-06-13T16:06:31","slug":"accueil-elance","status":"publish","type":"page","link":"https:\/\/training.elancedei.com\/fr\/","title":{"rendered":"Accueil"},"content":{"rendered":"<div class=\"wpb-content-wrapper\"><p>[vc_row full_width=&#8221;stretch_row&#8221; bg_type=&#8221;bg_color&#8221; bg_color_value=&#8221;#ddd2fc&#8221; css=&#8221;.vc_custom_1682434135247{padding-top: 10px !important;padding-bottom: 10px !important;}&#8221;][vc_column width=&#8221;1\/2&#8243;][vc_column_text css=&#8221;.vc_custom_1682098322151{padding-top: 30px !important;}&#8221;]<\/p>\n<h2>Garantissez votre impact en Diversit\u00e9, \u00c9quit\u00e9 et Inclusion<\/h2>\n<p><span style=\"color: #000000;\">Ici, la technologie cr\u00e9e des ponts entre les g\u00e9n\u00e9rations, genres, cultures, capacit\u00e9s et orientations. \u00c9lance, c\u2019est la solution cl\u00e9 en main de la DEI : diversit\u00e9, \u00e9quit\u00e9 et inclusion.<\/span>[\/vc_column_text][vc_btn title=&#8221;\u00c9lancez-vous&#8221; style=&#8221;3d&#8221; shape=&#8221;round&#8221; align=&#8221;center&#8221; link=&#8221;url:https%3A%2F%2Felancedei.com%2Fservice%2F&#8221;][\/vc_column][vc_column width=&#8221;1\/2&#8243;][vc_single_image image=&#8221;775&#8243; img_size=&#8221;400&#215;377&#8243; alignment=&#8221;center&#8221; css_animation=&#8221;fadeIn&#8221; image_hovers=&#8221;false&#8221;][\/vc_column][\/vc_row][vc_row css=&#8221;.vc_custom_1682442240725{padding-top: 20px !important;padding-bottom: 20px !important;}&#8221;][vc_column width=&#8221;1\/2&#8243;][vc_single_image image=&#8221;849&#8243; img_size=&#8221;full&#8221; alignment=&#8221;center&#8221; css_animation=&#8221;fadeIn&#8221;][\/vc_column][vc_column width=&#8221;1\/2&#8243;][vc_column_text css=&#8221;.vc_custom_1682099026066{padding-top: 50px !important;}&#8221;]<\/p>\n<h2><b>Donn\u00e9es au service de la diversit\u00e9<\/b><\/h2>\n<p><span style=\"font-weight: 400;\">\u00c9lance vous propose une d\u00e9marche qui n\u2019existe nulle part ailleurs, avec <\/span><b>une plateforme tech plus qu\u2019humaine!\u00a0<\/b><\/p>\n<p><span style=\"font-weight: 400;\">Notre solution est ancr\u00e9e dans vos donn\u00e9es ; laissez-nous vous accompagner de mani\u00e8re personnalis\u00e9e et concr\u00e8te.<\/span>[\/vc_column_text][vc_btn title=&#8221;Les donn\u00e9es au service de l\u2019inclusion&#8221; style=&#8221;3d&#8221; align=&#8221;center&#8221; link=&#8221;url:https%3A%2F%2Felancedei.com%2Fservice%2F&#8221;][\/vc_column][\/vc_row][vc_row full_width=&#8221;stretch_row&#8221; bg_type=&#8221;image&#8221; css=&#8221;.vc_custom_1682434325730{border-bottom-width: 10px !important;background-image: url(https:\/\/dev.elancedei.com\/wp-content\/uploads\/2022\/12\/hbg1.jpg?id=48) !important;background-position: center !important;background-repeat: no-repeat !important;background-size: cover !important;}&#8221;][vc_column][vc_column_text css=&#8221;.vc_custom_1682434318291{padding-top: 10px !important;}&#8221;]<\/p>\n<h2 style=\"text-align: center;\">Une entreprise dans laquelle la diversit\u00e9 est un atout, un moteur de croissance&#8230; jamais un frein. Et enfin, on arr\u00eate de marcher sur les \u0153ufs.<\/h2>\n<p>[\/vc_column_text][vc_btn title=&#8221;C&#8217;est maintenant&#8221; style=&#8221;3d&#8221; align=&#8221;center&#8221; css=&#8221;.vc_custom_1694440445988{margin-bottom: 40px !important;padding-bottom: 20px !important;}&#8221; link=&#8221;url:https%3A%2F%2Felancedei.com%2Fa-propos%2F&#8221;][\/vc_column][\/vc_row][vc_row full_width=&#8221;stretch_row&#8221; css=&#8221;.vc_custom_1682442263625{padding-top: 20px !important;padding-bottom: 20px !important;background-color: #f7f3f0 !important;}&#8221;][vc_column][vc_column_text]<\/p>\n<h2 style=\"text-align: center;\"><strong>Vos prochaines \u00e9tapes ?<\/strong><\/h2>\n<p>[\/vc_column_text][vc_row_inner][vc_column_inner width=&#8221;1\/3&#8243;][vc_single_image image=&#8221;619&#8243; img_size=&#8221;full&#8221; alignment=&#8221;center&#8221; onclick=&#8221;custom_link&#8221; css_animation=&#8221;fadeIn&#8221; image_hovers=&#8221;false&#8221; link=&#8221;https:\/\/elancedei.com\/contact\/&#8221;][vc_column_text]<\/p>\n<h3 style=\"text-align: center;\">Mesurez votre impact DEI<\/h3>\n<p>[\/vc_column_text][\/vc_column_inner][vc_column_inner width=&#8221;1\/3&#8243;][vc_single_image image=&#8221;627&#8243; img_size=&#8221;full&#8221; alignment=&#8221;center&#8221; onclick=&#8221;custom_link&#8221; css_animation=&#8221;fadeIn&#8221; image_hovers=&#8221;false&#8221; link=&#8221;https:\/\/elancedei.com\/contact\/&#8221;][vc_column_text]<\/p>\n<h3 style=\"text-align: center;\">Formez vos employ\u00e9.e.s<\/h3>\n<p>[\/vc_column_text][\/vc_column_inner][vc_column_inner width=&#8221;1\/3&#8243;][vc_single_image image=&#8221;621&#8243; img_size=&#8221;full&#8221; alignment=&#8221;center&#8221; onclick=&#8221;custom_link&#8221; css_animation=&#8221;fadeIn&#8221; image_hovers=&#8221;false&#8221; link=&#8221;https:\/\/elancedei.com\/contact\/&#8221;][vc_column_text]<\/p>\n<h3 style=\"text-align: center;\">Implantez votre plan d&#8217;action DEI<\/h3>\n<p>[\/vc_column_text][\/vc_column_inner][\/vc_row_inner][\/vc_column][\/vc_row][vc_row full_width=&#8221;stretch_row&#8221; css=&#8221;.vc_custom_1682434013014{padding-top: 10px !important;padding-bottom: 20px !important;background-color: #e0d1ff !important;}&#8221;][vc_column][vc_column_text]<\/p>\n<h2 style=\"text-align: center;\">Nos client.e.s<\/h2>\n<p>[\/vc_column_text][vc_row_inner][vc_column_inner width=&#8221;1\/4&#8243;][vc_single_image image=&#8221;635&#8243; img_size=&#8221;full&#8221; alignment=&#8221;center&#8221; css_animation=&#8221;fadeIn&#8221;][\/vc_column_inner][vc_column_inner width=&#8221;1\/4&#8243;][vc_single_image image=&#8221;637&#8243; img_size=&#8221;full&#8221; alignment=&#8221;center&#8221; css_animation=&#8221;fadeIn&#8221;][\/vc_column_inner][vc_column_inner width=&#8221;1\/4&#8243;][vc_single_image image=&#8221;641&#8243; img_size=&#8221;full&#8221; alignment=&#8221;center&#8221; css_animation=&#8221;fadeIn&#8221;][\/vc_column_inner][vc_column_inner width=&#8221;1\/4&#8243;][vc_single_image image=&#8221;639&#8243; img_size=&#8221;full&#8221; alignment=&#8221;center&#8221; css_animation=&#8221;fadeIn&#8221;][\/vc_column_inner][\/vc_row_inner][vc_column_text]<\/p>\n<h2 style=\"text-align: center;\">\u00c9lance, vu et entendu sur&#8230;<\/h2>\n<p>[\/vc_column_text][vc_row_inner][vc_column_inner width=&#8221;1\/4&#8243;][vc_single_image image=&#8221;643&#8243; img_size=&#8221;full&#8221; alignment=&#8221;center&#8221; css_animation=&#8221;fadeIn&#8221;][\/vc_column_inner][vc_column_inner width=&#8221;1\/4&#8243;][vc_single_image image=&#8221;645&#8243; img_size=&#8221;full&#8221; alignment=&#8221;center&#8221; css_animation=&#8221;fadeIn&#8221;][\/vc_column_inner][vc_column_inner width=&#8221;1\/4&#8243;][vc_single_image image=&#8221;647&#8243; img_size=&#8221;full&#8221; alignment=&#8221;center&#8221; css_animation=&#8221;fadeIn&#8221;][\/vc_column_inner][vc_column_inner width=&#8221;1\/4&#8243;][vc_single_image image=&#8221;649&#8243; img_size=&#8221;full&#8221; alignment=&#8221;center&#8221; css_animation=&#8221;fadeIn&#8221;][\/vc_column_inner][\/vc_row_inner][vc_btn title=&#8221;On t&#8217;attend de l&#8217;autre c\u00f4t\u00e9&#8221; style=&#8221;3d&#8221; shape=&#8221;round&#8221; align=&#8221;center&#8221; link=&#8221;url:https%3A%2F%2Felancedei.com%2Fa-propos%2F&#8221;][\/vc_column][\/vc_row][vc_row full_width=&#8221;stretch_row&#8221; bg_type=&#8221;bg_color&#8221; css=&#8221;.vc_custom_1682443435442{padding-bottom: 20px !important;}&#8221; bg_color_value=&#8221;#e5f1c2&#8243;][vc_column][vc_row_inner][vc_column_inner width=&#8221;1\/2&#8243;][vc_single_image image=&#8221;610&#8243; alignment=&#8221;right&#8221;][\/vc_column_inner][vc_column_inner width=&#8221;1\/2&#8243;][vc_single_image image=&#8221;608&#8243;][\/vc_column_inner][\/vc_row_inner][vc_column_text]<\/p>\n<h2 style=\"text-align: center;\"><span style=\"color: #000000;\">Nous sommes Tina et Dahlia, co-fondatrices d&#8217;\u00c9lance.<\/span><\/h2>\n<p style=\"text-align: center;\">\u00c0 la fois femmes, engag\u00e9es, issues de milieux marginalis\u00e9s et expertes en DEI, nous vous proposons aujourd\u2019hui ce que nous faisons de mieux dans la vie :<\/p>\n<p style=\"text-align: center;\"><b>Cr\u00e9er des espaces de travail diversifi\u00e9s, \u00e9quitables et inclusifs pour tou.te.s gr\u00e2ce au pouvoir de la technologie et des donn\u00e9es.<\/b><\/p>\n<p>[\/vc_column_text][vc_btn title=&#8221;Je veux travailler avec vous&#8221; style=&#8221;3d&#8221; align=&#8221;center&#8221; link=&#8221;url:https%3A%2F%2Felancedei.com%2Fa-propos%2F&#8221;][\/vc_column][\/vc_row][vc_row full_width=&#8221;stretch_row&#8221; css=&#8221;.vc_custom_1682438143944{padding-top: 20px !important;padding-bottom: 20px !important;background-color: #f7f3f1 !important;}&#8221;][vc_column width=&#8221;1\/2&#8243; css=&#8221;.vc_custom_1671214539839{padding-top: 50px !important;}&#8221;][vc_column_text css=&#8221;.vc_custom_1682099253685{padding-top: 50px !important;}&#8221;]<\/p>\n<h2>Reconnaissance des Premi\u00e8res Nations et des territoires traditionnels<\/h2>\n<p>Nous aimerions reconna\u00eetre qu&#8217;\u00c9lance est situ\u00e9e en territoire autochtone, qui n\u2019a jamais \u00e9t\u00e9 c\u00e9d\u00e9. Nous reconnaissons la nation Kanien&#8217;keh\u00e1: ka comme gardienne des terres et des eaux sur lesquelles \u00c9lance est \u00e9tablie.[\/vc_column_text][\/vc_column][vc_column width=&#8221;1\/2&#8243;][vc_single_image image=&#8221;853&#8243; img_size=&#8221;full&#8221; alignment=&#8221;center&#8221; css_animation=&#8221;fadeIn&#8221;][\/vc_column][\/vc_row]<\/p>\n<\/div>","protected":false},"excerpt":{"rendered":"<p>[vc_row full_width=&#8221;stretch_row&#8221; bg_type=&#8221;bg_color&#8221; bg_color_value=&#8221;#ddd2fc&#8221; css=&#8221;.vc_custom_1682434135247{padding-top: 10px !important;padding-bottom: 10px !important;}&#8221;][vc_column width=&#8221;1\/2&#8243;][vc_column_text css=&#8221;.vc_custom_1682098322151{padding-top: 30px !important;}&#8221;] Garantissez votre impact en Diversit\u00e9, \u00c9quit\u00e9 et Inclusion Ici, la technologie cr\u00e9e des ponts entre les g\u00e9n\u00e9rations, genres, cultures, capacit\u00e9s et orientations. \u00c9lance, c\u2019est la solution cl\u00e9 en main de la DEI : diversit\u00e9, \u00e9quit\u00e9 et inclusion.[\/vc_column_text][vc_btn title=&#8221;\u00c9lancez-vous&#8221; style=&#8221;3d&#8221; shape=&#8221;round&#8221; align=&#8221;center&#8221; link=&#8221;url:https%3A%2F%2Felancedei.com%2Fservice%2F&#8221;][\/vc_column][vc_column&hellip;<\/p>\n","protected":false},"author":2,"featured_media":0,"parent":0,"menu_order":0,"comment_status":"closed","ping_status":"open","template":"","meta":{"om_disable_all_campaigns":false,"_monsterinsights_skip_tracking":false,"_monsterinsights_sitenote_active":false,"_monsterinsights_sitenote_note":"","_monsterinsights_sitenote_category":0,"_uf_show_specific_survey":0,"_uf_disable_surveys":false,"footnotes":""},"class_list":["post-686","page","type-page","status-publish","hentry","description-off"],"aioseo_notices":[],"_links":{"self":[{"href":"https:\/\/training.elancedei.com\/fr\/wp-json\/wp\/v2\/pages\/686","targetHints":{"allow":["GET"]}}],"collection":[{"href":"https:\/\/training.elancedei.com\/fr\/wp-json\/wp\/v2\/pages"}],"about":[{"href":"https:\/\/training.elancedei.com\/fr\/wp-json\/wp\/v2\/types\/page"}],"author":[{"embeddable":true,"href":"https:\/\/training.elancedei.com\/fr\/wp-json\/wp\/v2\/users\/2"}],"replies":[{"embeddable":true,"href":"https:\/\/training.elancedei.com\/fr\/wp-json\/wp\/v2\/comments?post=686"}],"version-history":[{"count":136,"href":"https:\/\/training.elancedei.com\/fr\/wp-json\/wp\/v2\/pages\/686\/revisions"}],"predecessor-version":[{"id":3663,"href":"https:\/\/training.elancedei.com\/fr\/wp-json\/wp\/v2\/pages\/686\/revisions\/3663"}],"wp:attachment":[{"href":"https:\/\/training.elancedei.com\/fr\/wp-json\/wp\/v2\/media?parent=686"}],"curies":[{"name":"wp","href":"https:\/\/api.w.org\/{rel}","templated":true}]}}